{"id":14087,"date":"2015-03-02T12:33:54","date_gmt":"2015-03-02T11:33:54","guid":{"rendered":"http:\/\/hundund.net\/?page_id=14"},"modified":"2017-07-03T09:00:09","modified_gmt":"2017-07-03T07:00:09","slug":"ausbildung","status":"publish","type":"page","link":"https:\/\/www.hundund.net\/?page_id=14087","title":{"rendered":"Ausbildung"},"content":{"rendered":"<div class=\"wpb-content-wrapper\"><p>[vc_row][vc_column width=&#8220;1\/4&#8243;][vc_empty_space height=&#8220;135px&#8220;][vc_single_image image=&#8220;15051&#8243; img_size=&#8220;&#8220; onclick=&#8220;img_link_large&#8220;][vc_single_image image=&#8220;15049&#8243; img_size=&#8220;&#8220; onclick=&#8220;img_link_large&#8220;][vc_single_image image=&#8220;15058&#8243; img_size=&#8220;&#8220; onclick=&#8220;img_link_large&#8220;][vc_single_image image=&#8220;15062&#8243; img_size=&#8220;&#8220; onclick=&#8220;img_link_large&#8220;][\/vc_column][vc_column width=&#8220;2\/3&#8243;][vc_empty_space][vc_custom_heading text=&#8220;Die Ausbildung Ihres Hundes&#8220; google_fonts=&#8220;font_family:Montserrat%3Aregular%2C700|font_style:400%20regular%3A400%3Anormal&#8220;][vc_column_text]<\/p>\n<h4><span class=\"s1\">Warum Ausbildung?<\/span><\/h4>\n<p class=\"p1\">Viele Menschen k\u00f6nnen ein Leben ohne Hunde nicht vorstellen. Wir bewundern und verehren sie f\u00fcr ihre Treue und bedingungslose Zuneigung, spielerische Ausgelassenheit und Lebensfreude. Dennoch, Hunde und Menschen sind sehr verschiedene Wesen. Obwohl offiziell &#8222;bester Freund des Menschen\u201c haben Hunde einige unschuldige aber l\u00e4stige Eigenschaften, wie bei der Begr\u00fc\u00dfung hochzuspringen, zu bellen, zu graben und Sachen abzukauen. All diese Eigenschaften, k\u00f6nnen dass Zusammenleben mit ihnen mitunter etwas schwierig machen! Um das Beste aus Ihrer Beziehung mit Ihrem Hund machen, m\u00fcssen Sie ihm einige wichtige F\u00e4higkeiten beibringen, die ein harmonisches Zusammenleben im menschlichen Haushalt gew\u00e4hrleistet.<br \/>\nIhren Hund zu trainieren wird Ihr Leben f\u00fcr Sie und Ihn verbessern. Die Bindung zwischen Ihnen wird f\u00fcr Sicherheit sorgen -und es kann eine Menge Spa\u00df machen. Hunde sind in der Regel mit Eifer beim lernen und der Schl\u00fcssel zum Erfolg ist eine gute Kommunikation. Ihr Hund muss wissen, was Sie erwarten und warum es f\u00fcr Ihn Lohnenswert ist, Ihre W\u00fcnsche zu erf\u00fcllen.<\/p>\n<h4><span class=\"s1\">Wie sollten Sie es tun?<\/span><\/h4>\n<p>Wen immer Sie fragen, die Ratschl\u00e4ge zur Hundeerziehung sind so verschieden wie die Menschen. Die Einen sind der Meinung, dass der Schl\u00fcssel zu einem wohlerzogenen Hund, eine &#8222;feste Hand&#8220; braucht. Einige argumentieren, dass Hundetraining nur Belohnungen basieren sollte und Sie Ihren Hund zu bestrafen unbedingt vermeiden sollten. Andere bestehen darauf, dass alles, was Sie tun m\u00fcssen ist der &#8222;Alpha-Hund&#8220; zu werden, um als dominierender F\u00fchrer Ihr &#8222;Rudel&#8220; zu f\u00fchren. Von der Flut, all der unterschiedlichsten Meinungen kann man leicht \u00fcberfordert werden.<\/p>\n<p>Unabh\u00e4ngig davon, f\u00fcr welche Methode und Techniken Sie sich entscheiden, ausschlaggebend ist das Sie damit das Verhalten Ihres Hundes effektiv steuern. Wenn Sie das Verhalten Ihres Hund nachhaltig beeinflussen wollen, m\u00fcssen Sie:<\/p>\n<p>1. Verhaltensweisen die Sie m\u00f6chten Belohnen.<br \/>\n2. Verhaltensweisen, die Sie nicht m\u00f6gen, werden nicht belohnt.<\/p>\n<h4><span class=\"s1\">Verstehen, wie Ihr Hund lernt<\/span><\/h4>\n<p>Eine der h\u00e4ufigsten Beschwerden von Hundebesitzern ist, dass ihre Hunde &#8222;einfach nicht h\u00f6ren.&#8220; Aber versetzten Sie sich f\u00fcr einen Moment in die Lage Ihres Hundes. Wenn jemand st\u00e4ndig einer anderen Sprache, die Sie noch nie geh\u00f6rt hatten ihnen Befehle erteilt, wie lange w\u00fcrden Sie darauf achten? Wahrscheinlich nicht f\u00fcr sehr lange, weil Sie einfach nicht in der Lage sind, zu verstehen was von Ihnen erwartet wird und keine Kommunikation entstehen kann.<\/p>\n<p>Um klar und konsequent mit Ihrem Hund zu kommunizieren, m\u00fcssen Sie verstehen, wie ein Hund lernt. Hunde lernen durch die unmittelbaren Reaktionen von Ihnen auf ihr Verhalten. Die Art dieser Reaktionen, haben Auswirkung darauf, wie sich Ihr Hund in der Zukunft verhalten wird. Hunde, wie auch andere Tiere (auch Menschen), arbeiten daf\u00fcr gute Dinge zu bekommen, positives zu Erleben und werden versuchen schlechte Dinge bzw. Negatives, im Leben vermeiden. Wenn ein Verhalten zu etwas lohnendes -wie Nahrung, eine Streicheleinheit, Spielzeit oder \u00c4hnlichem f\u00fchrt, wird Ihr Hund dieses Verhalten \u00f6fter wiederholen.<br \/>\nWenn auf der anderen Seite, ein Verhalten unangenehme Folgen hat, ignoriert wird und auf keinen Fall belohnt wird, ist es f\u00fcr den Hund nicht lohnend, und das Verhalten wird seltener.<\/p>\n<p>[\/vc_column_text][\/vc_column][\/vc_row][vc_row][vc_column][vc_column_text]<\/p>\n<p>[\/vc_column_text][\/vc_column][\/vc_row][vc_row][vc_column][vc_custom_heading text=&#8220;mehr zu Hundeerziehung&#8220; font_container=&#8220;tag:h2|font_size:18|text_align:left&#8220; google_fonts=&#8220;font_family:Montserrat%3Aregular%2C700|font_style:400%20regular%3A400%3Anormal&#8220;][posts_slider cat=&#8220;2,3,4,5,&#8220;][\/vc_column][\/vc_row][vc_row][vc_column][vc_column_text]<\/p>\n<p>[\/vc_column_text][\/vc_column][\/vc_row]<\/p>\n<\/div>","protected":false},"excerpt":{"rendered":"<p>[vc_row][vc_column width=&#8220;1\/4&#8243;][vc_empty_space height=&#8220;135px&#8220;][vc_single_image image=&#8220;15051&#8243; img_size=&#8220;&#8220; onclick=&#8220;img_link_large&#8220;][vc_single_image image=&#8220;15049&#8243; img_size=&#8220;&#8220; onclick=&#8220;img_link_large&#8220;][vc_single_image image=&#8220;15058&#8243; img_size=&#8220;&#8220; onclick=&#8220;img_link_large&#8220;][vc_single_image image=&#8220;15062&#8243; img_size=&#8220;&#8220; onclick=&#8220;img_link_large&#8220;][\/vc_column][vc_column width=&#8220;2\/3&#8243;][vc_empty_space][vc_custom_heading text=&#8220;Die Ausbildung Ihres Hundes&#8220; google_fonts=&#8220;font_family:Montserrat%3Aregular%2C700|font_style:400%20regular%3A400%3Anormal&#8220;][vc_column_text] Warum Ausbildung? Viele Menschen k\u00f6nnen ein Leben ohne Hunde nicht vorstellen. Wir bewundern und verehren sie f\u00fcr ihre Treue und bedingungslose Zuneigung, spielerische Ausgelassenheit und Lebensfreude. Dennoch, Hunde und Menschen sind sehr verschiedene Wesen. [&hellip;]<\/p>\n","protected":false},"author":1,"featured_media":0,"parent":0,"menu_order":0,"comment_status":"open","ping_status":"open","template":"","meta":{"footnotes":""},"class_list":["post-14087","page","type-page","status-publish","hentry"],"_links":{"self":[{"href":"https:\/\/www.hundund.net\/index.php?rest_route=\/wp\/v2\/pages\/14087","targetHints":{"allow":["GET"]}}],"collection":[{"href":"https:\/\/www.hundund.net\/index.php?rest_route=\/wp\/v2\/pages"}],"about":[{"href":"https:\/\/www.hundund.net\/index.php?rest_route=\/wp\/v2\/types\/page"}],"author":[{"embeddable":true,"href":"https:\/\/www.hundund.net\/index.php?rest_route=\/wp\/v2\/users\/1"}],"replies":[{"embeddable":true,"href":"https:\/\/www.hundund.net\/index.php?rest_route=%2Fwp%2Fv2%2Fcomments&post=14087"}],"version-history":[{"count":7,"href":"https:\/\/www.hundund.net\/index.php?rest_route=\/wp\/v2\/pages\/14087\/revisions"}],"predecessor-version":[{"id":15063,"href":"https:\/\/www.hundund.net\/index.php?rest_route=\/wp\/v2\/pages\/14087\/revisions\/15063"}],"wp:attachment":[{"href":"https:\/\/www.hundund.net\/index.php?rest_route=%2Fwp%2Fv2%2Fmedia&parent=14087"}],"curies":[{"name":"wp","href":"https:\/\/api.w.org\/{rel}","templated":true}]}}