{"id":14088,"date":"2015-03-02T12:34:17","date_gmt":"2015-03-02T11:34:17","guid":{"rendered":"http:\/\/hundund.net\/?page_id=16"},"modified":"2017-07-01T16:27:19","modified_gmt":"2017-07-01T14:27:19","slug":"gesundheit","status":"publish","type":"page","link":"https:\/\/www.hundund.net\/?page_id=14088","title":{"rendered":"Gesundheit &#038; Pflege"},"content":{"rendered":"<div class=\"wpb-content-wrapper\"><p>[vc_row][vc_column width=&#8220;1\/4&#8243;][vc_single_image image=&#8220;15020&#8243; img_size=&#8220;190&#215;130&#8243;][vc_single_image image=&#8220;15039&#8243; img_size=&#8220;190&#215;130&#8243;][vc_single_image image=&#8220;15041&#8243; img_size=&#8220;190&#215;130&#8243;][\/vc_column][vc_column width=&#8220;2\/3&#8243;][vc_custom_heading text=&#8220;Wie \u00fcberpr\u00fcfe ich die Gesundheit meines Hundes?&#8220; google_fonts=&#8220;font_family:Montserrat%3Aregular%2C700|font_style:400%20regular%3A400%3Anormal&#8220;][vc_column_text]Jeder Hundebesitzer w\u00fcnscht sich ein langes und gl\u00fcckliches Leben f\u00fcr seinen Hund. In den meisten F\u00e4llen sehen sie Ihren Tierarzt nur einmal im Jahr, f\u00fcr die j\u00e4hrliche Impfungen. 12 Monate sind eine lange Zeit, und Vieles kann sich in dieser Zeit zu \u00e4ndern, und ist es wichtig zu wissen, dass Ihr Haustier bei bester Gesundheit ist.<\/p>\n<p><strong>2 Dinge sollten sie beachten:<\/strong><\/p>\n<ul>\n<li>bringen Sie Ihr Haustier f\u00fcr regelm\u00e4\u00dfige Check-up zum Tierarzt<\/li>\n<li>Lernen Sie einige grundlegende Gesundheitsuntersuchungen selber vorzunehmen<\/li>\n<\/ul>\n<p><strong>Wann brauche ich einen Tierarzt und was kann ich selber machen?<\/strong><\/p>\n<p>Diese Frage h\u00e4ngt ein wenig von Ihrer spezifischen Situation und wie sicher Sie bei der Beurteilung der Gesundheit Ihres Hundes sind. In der Praxis werden die meisten Leute mit einer Mischung aus zu Hause kontrollieren und regelm\u00e4\u00dfige Tierarztbesuchen w\u00e4hlen. In der Regel ist zu empfehlen Ihren Hund zu Hause auf einer w\u00f6chentlichen Basis zu \u00fcberpr\u00fcfen und alle paar Monate den Tierarzt f\u00fcr einen schnellen Blick aufzusuchen, bzw. dann wenn Sie sich \u00fcber etwas nicht sind, und eine zweite Meinung m\u00f6chten.<br \/>\nEin Tierarztbesuch kann gr\u00fcndlicher sein und wenn n\u00f6tig ist alles f\u00fcr weitere Tests Verf\u00fcgbar. Au\u00dferdem hat er bzw. sie mehr Erfahrungen.<br \/>\nManchmal verursacht ein Tierarztbesuch zwar Stress f\u00fcr Ihr Haustier, verschafft ihnen aber zu wissen, dass Ihr Haustier von einem Fachmann untersucht wird Seelenfrieden.<br \/>\nEin regelm\u00e4\u00dfiger Check-up beim Tierarzt kann Ihrem Haustier den Stress aber auch nehmen.<\/p>\n<p><strong>Was soll ich bei einem Check-up Zuhause beachten?<\/strong><br \/>\n<strong>Z\u00e4hne<\/strong> \u2013 viele sind erstaunt, wenn sie beim Tierarzt feststellen wie schlecht die Z\u00e4hne ihres Haustiers sind. Nur weil ihr Hund alles frisst, ist es falsch davon ausgehen, das auch alles gut f\u00fcr ihn und besonders f\u00fcr seine Z\u00e4hne ist. Regelm\u00e4\u00dfige Kontrolle ist sehr wichtig.<\/p>\n<p><strong>Ohren<\/strong> &#8211; Ohren sind bei erwachsenen Hunden einer der wichtigsten Gr\u00fcnde f\u00fcr &#8222;Tierarztbesuche&#8220;. Bei sonst gesunden Tieren kann eine routinem\u00e4\u00dfige \u00dcberpr\u00fcfung und Gesundheitsversorge helfen das Risiko von Erkrankungen zu reduzieren. Besonders Hunde mit \u201eSchlappohren\u201c brauchen regelm\u00e4\u00dfige Reinigung um Entz\u00fcndungen vorzubeugen.<\/p>\n<p>Augen-die Augen sind oft das erste, das in Mitleidenschaft gezogen wird. Der Fahrtwind wenn Hunde ihren Kopf aus dem Fenster halten kann eineMenge Probleme verursachen.Wenn fr\u00fch erkannt, k\u00f6nnen die meisten Probleme leicht behandelt werden, aber wenn man nicht rechtzeitig reagiert kann es b\u00f6se enden. Regelm\u00e4\u00dfige \u00dcberpr\u00fcfung l\u00e4sst Probleme fr\u00fchzeitig erkennen und beseitigen.<\/p>\n<p><strong>Haut \/ K\u00f6rper<\/strong> &#8211; viele Tiere bekommen Beulen und Unebenheiten wenn sie altern. Zu wissen und vertraut zu sein mit dem was &#8222;war&#8220; und was &#8222;neu&#8220; ist wird dazu beitragen, zu bewerten, was los ist. Zu wissen, wie sich Ihr Hund &#8222;unter der Haut&#8220; anf\u00fchlt ist sehr wichtig. Ihr Fell bedeckt eine Menge und Leute berichten ihren Tier\u00e4rzten oft ihr Hund habe all dieses Gewicht \u00fcber Nacht verloren. Das ist allerdings ziemlich unwahrscheinlich, da die Gewichtsabnahme bei Hunden ein ziemlich langsamer Prozess ist. Weil es sich langsam \u00e4ndert, ist es von Tag zu Tag nicht sehr auff\u00e4llig. Die meisten Menschen beginnen ihren Hund erst zu &#8222;f\u00fchlen&#8220;, wenn sie sich aus anderen Gr\u00fcnden Sorgen machen. Zu wissen, wie viel &#8222;Fleisch auf den Rippen&#8220; ist wird Ihnen helfen jede langsame Gewichtsabnahme fr\u00fchzeitig zu erkennen und rechtzeitig zu gegenzusteuern, bevor Probleme akut werden.<\/p>\n<p><strong>Pfoten und Krallen<\/strong> &#8211; sind ein sehr wichtiger Teil Ihres Haustieres und tragen die Hauptlast der Abnutzung w\u00e4hrend des Alltags und des Trainings. Es ist wichtig, sie regelm\u00e4\u00dfig auf kleinere Probleme zu \u00fcberpr\u00fcfen und zu pflegen.<\/p>\n<p><strong>Bewegung<\/strong> \u2013 im Alter bewegen sich Hunde oft nicht mehr so gerne. Beobachten Sie wie gut sich Ihr Hund bewegt &#8211; k\u00e4mpft er mit dem Aufstehen? Versuchen Sie trotz allem ihren Hund regelm\u00e4\u00dfige Bewegung zu verschaffen.<\/p>\n<p><strong>Gewicht<\/strong> &#8211; es ist ziemlich schwierig, das Gewicht eines Hundes mit einem Blick auf sie zu bestimmen &#8211; oft scheinen gro\u00dfe, flauschige Hunde viel gr\u00f6\u00dfer, als sie sind, und k\u00f6nnen manchmal unter all dem Fell sogar untergewichtig sein. Hier kann nur eine Waage Gewissheit bringen.<\/p>\n<p>Wir haben eine Auswahl an Artikeln, die praktisch in jedem Bereich in ein bisschen mehr in die Tiefe gehen, besuchen Sie uns wieder und erfahren mehr.<\/p>\n<p>&nbsp;[\/vc_column_text][\/vc_column][\/vc_row][vc_row][vc_column][vc_custom_heading text=&#8220;mehr zu Gesundheit und Pflege&#8220; font_container=&#8220;tag:h2|font_size:18|text_align:left&#8220; google_fonts=&#8220;font_family:Montserrat%3Aregular%2C700|font_style:400%20regular%3A400%3Anormal&#8220;][\/vc_column][\/vc_row][vc_row][vc_column][posts_slider cat=&#8220;4&#8243;][\/vc_column][\/vc_row]<\/p>\n<\/div>","protected":false},"excerpt":{"rendered":"<p>[vc_row][vc_column width=&#8220;1\/4&#8243;][vc_single_image image=&#8220;15020&#8243; img_size=&#8220;190&#215;130&#8243;][vc_single_image image=&#8220;15039&#8243; img_size=&#8220;190&#215;130&#8243;][vc_single_image image=&#8220;15041&#8243; img_size=&#8220;190&#215;130&#8243;][\/vc_column][vc_column width=&#8220;2\/3&#8243;][vc_custom_heading text=&#8220;Wie \u00fcberpr\u00fcfe ich die Gesundheit meines Hundes?&#8220; google_fonts=&#8220;font_family:Montserrat%3Aregular%2C700|font_style:400%20regular%3A400%3Anormal&#8220;][vc_column_text]Jeder Hundebesitzer w\u00fcnscht sich ein langes und gl\u00fcckliches Leben f\u00fcr seinen Hund. In den meisten F\u00e4llen sehen sie Ihren Tierarzt nur einmal im Jahr, f\u00fcr die j\u00e4hrliche Impfungen. 12 Monate sind eine lange Zeit, und Vieles kann sich in [&hellip;]<\/p>\n","protected":false},"author":1,"featured_media":0,"parent":0,"menu_order":0,"comment_status":"open","ping_status":"open","template":"","meta":{"footnotes":""},"class_list":["post-14088","page","type-page","status-publish","hentry"],"_links":{"self":[{"href":"https:\/\/www.hundund.net\/index.php?rest_route=\/wp\/v2\/pages\/14088","targetHints":{"allow":["GET"]}}],"collection":[{"href":"https:\/\/www.hundund.net\/index.php?rest_route=\/wp\/v2\/pages"}],"about":[{"href":"https:\/\/www.hundund.net\/index.php?rest_route=\/wp\/v2\/types\/page"}],"author":[{"embeddable":true,"href":"https:\/\/www.hundund.net\/index.php?rest_route=\/wp\/v2\/users\/1"}],"replies":[{"embeddable":true,"href":"https:\/\/www.hundund.net\/index.php?rest_route=%2Fwp%2Fv2%2Fcomments&post=14088"}],"version-history":[{"count":14,"href":"https:\/\/www.hundund.net\/index.php?rest_route=\/wp\/v2\/pages\/14088\/revisions"}],"predecessor-version":[{"id":15042,"href":"https:\/\/www.hundund.net\/index.php?rest_route=\/wp\/v2\/pages\/14088\/revisions\/15042"}],"wp:attachment":[{"href":"https:\/\/www.hundund.net\/index.php?rest_route=%2Fwp%2Fv2%2Fmedia&parent=14088"}],"curies":[{"name":"wp","href":"https:\/\/api.w.org\/{rel}","templated":true}]}}