{"id":15201,"date":"2018-07-03T16:57:35","date_gmt":"2018-07-03T14:57:35","guid":{"rendered":"https:\/\/www.hundund.net\/?page_id=15201"},"modified":"2018-11-15T18:48:00","modified_gmt":"2018-11-15T17:48:00","slug":"datenschutzerklaerung","status":"publish","type":"page","link":"https:\/\/www.hundund.net\/?page_id=15201","title":{"rendered":"Datenschutzerkl\u00e4rung"},"content":{"rendered":"<div class=\"wpb-content-wrapper\"><p>[vc_row][vc_column width=&#8220;1\/4&#8243;][vc_column_text]<\/p>\n<header class=\"entry-header\"><\/header>\n<div class=\"entry-content\">\n<p>&nbsp;<\/p>\n<\/div>\n<p>[\/vc_column_text][\/vc_column][vc_column width=&#8220;1\/2&#8243;][vc_column_text]Wir freuen uns \u00fcber Ihr Interesse an unserem Internetauftritt. Der Schutz Ihrer Privatsph\u00e4re war uns immer wichtig und haben wir lange bevor die DSGVO (Datenschutz \u2013 Grundverordnung) Ihre pers\u00f6nlichen Daten vor Zugriff anderer gesch\u00fctzt bzw. an Dritte nicht weitergegeben. Durch die Einf\u00fchrung der DSGVO informieren wir Sie nun ausf\u00fchrlich, wie wir mit Ihren pers\u00f6nlichen Daten umgehen.<\/p>\n<p><b>Verarbeitung Ihrer pers\u00f6nlichen Daten: <\/b><\/p>\n<p>Unsere Website ist grunds\u00e4tzlich so gestaltet, dass Sie diese besuchen k\u00f6nnen, ohne dass wir personenbezogene Daten von Ihnen erheben. Personenbezogene Daten werden von uns nur dann erhoben, wenn Sie uns hiezu Ihre ausdr\u00fcckliche Einwilligung erteilen.<\/p>\n<p>Sie k\u00f6nnen also unsere Website besuchen ohne Angaben zu Ihrer Person zu t\u00e4tigen. Gespeichert werden lediglich Zugriffsdaten in sog. Server-Logfiles, wie z.B.: Name der angeforderten Datei, Datum des Abrufs und der \u00fcbertragenen Datenmenge und den anfragenden Provider. Diese Daten werden ausschlie\u00dflich zur Sicherstellung eines st\u00f6rungsfreien Betriebes und zur Verbesserung eines Angebotes ausgewertet und geben uns keinen R\u00fcckschluss auf Ihre pers\u00f6nlichen Daten.<\/p>\n<p>Personenbezogene Daten werden von uns erst dann gespeichert wenn Sie uns hiezu ausdr\u00fccklich Ihre Zustimmung erteilen. Diese pers\u00f6nlichen Daten werden keinesfalls an Dritte weiter gegeben, es sei denn es trifft uns hiezu eine gesetzliche Verpflichtung und werden ausschlie\u00dflich zur Beantwortung Ihrer Anfragen, Abwicklung von Vertr\u00e4gen und f\u00fcr die Administration verwendet. Sie haben als Kunde das Recht, eine bereits erteilte Einwilligung jederzeit f\u00fcr die Zukunft zu widerrufen. Die Datenverarbeitung st\u00fctzt sich auf die Rechtsgrundlagen des Art. 6 der DSGVO. 460<\/p>\n<p><b><br \/>\nRecht auf Auskunft, Berichtigung, L\u00f6schung: <\/b><\/p>\n<p>Sie werden jederzeit auf schriftliche Anfragen \u00fcber die zu Ihrer Person gespeicherten Daten informiert. Bitte richten Sie Ihre Anfragen an: info@hundund.net<\/p>\n<p>F\u00fcr den Fall, dass die von uns gespeicherten Daten von Ihnen nicht richtig sind, bitten wir Sie uns dar\u00fcber zu informieren. Unverz\u00fcglich werden diese von richtig gestellt und erhalten Sie dar\u00fcber eine entsprechende Information.<\/p>\n<p>Wenn Sie eine Datenverarbeitung Ihrer Daten durch dieses Unternehmen nicht mehr l\u00e4ngen w\u00fcnschen, ersuchen wir Sie uns dies auf schriftlichem Wege mitzuteilen. Unmittelbar darauf werden wir Ihre Daten l\u00f6schen und Sie dar\u00fcber informieren. Sollten der L\u00f6schung Ihrer Daten zwingende rechtliche Bestimmungen entgegenstehen werden Sie dar\u00fcber informiert. Das L\u00f6schungsbegehren bleibt f\u00fcr Abrechnungszwecke und buchhalterische Zwecke unber\u00fchrt.<\/p>\n<p><b><br \/>\nCookies: <\/b><\/p>\n<p>Wir verwenden Cookies um unser Angebot nutzerfreundlich, effektiver und sicherer zu gestalten.<\/p>\n<p>Ein \u201eCookie\u201c ist eine kleine Textdatei, die wir \u00fcber unseren Web-Server an die Cookie-Datei des Browsers auf die Festplatte Ihres Computers \u00fcbermitteln. Damit wird es unserer Website erm\u00f6glicht, Sie als Nutzer wiederzuerkennen, wenn eine Verbindung zwischen unserem Web-Server und Ihrem Browser hergestellt wird. Cookies helfen uns dabei, die Nutzungsh\u00e4ufigkeit und die Anzahl der Nutzer unserer Internetseiten zu ermitteln. Der Inhalt der von uns verwendeten Cookies beschr\u00e4nkt sich auf eine Identifikationsnummer, die keine Personenbeziehbarkeit mehr auf den Nutzer zul\u00e4sst. Der Hauptzweck eines Cookies ist die Erkennung der Besucher der Website.<\/p>\n<p>Zwei Arten von Cookies werden auf dieser Website verwendet:<\/p>\n<ul>\n<li>Session Cookies: Das sind tempor\u00e4re Cookies, die bis zum Verlassen unserer Website in der Cookie-Datei Ihres Browsers verweilen und nach Ende Ihres Besuchs automatisch gel\u00f6scht werden.<\/li>\n<li>Dauerhafte Cookies: F\u00fcr eine bessere Benutzerfreundlichkeit bleiben Cookies auf Ihrem Endger\u00e4t gespeichert und erlauben es uns, Ihren Browser beim n\u00e4chsten Besuch wiederzuerkennen.<\/li>\n<\/ul>\n<p>Sie k\u00f6nnen Ihren Browser so einstellen, dass Sie \u00fcber das Setzen von Cookies informiert werden und Cookies nur im Einzelfall erlauben, die Annahme von Cookies f\u00fcr bestimmte F\u00e4lle oder generell ausschlie\u00dfen sowie das automatische L\u00f6schen der Cookies beim Schlie\u00dfen des Browser aktivieren. Bei der Deaktivierung von Cookies kann die Funktionalit\u00e4t dieser Website eingeschr\u00e4nkt sein.<\/p>\n<p><b><br \/>\nGoogle Analytics <\/b><\/p>\n<p>Diese Website benutzt Google Analytics, einen Webanalysedienst der Google Inc. (\u201eGoogle\u201c). Google Analytics verwendet sog. \u201eCookies\u201c, d. h. Textdateien, die auf Ihrem Computer gespeichert werden und die eine Analyse der Benutzung der Website durch Sie erm\u00f6glicht. Die durch den Cookie erzeugten Informationen \u00fcber Ihre Benutzung diese Website (einschlie\u00dflich Ihrer IP-Adresse) wird an einen Server von Google in den USA \u00fcbertragen und dort gespeichert. Google wird diese Informationen benutzen, um Ihre Nutzung der Website auszuwerten, um Reports \u00fcber die Websiteaktivit\u00e4ten f\u00fcr die Websitebetreiber zusammenzustellen und um weitere mit der Websitenutzung und der Internetnutzung verbundene Dienstleistungen zu erbringen. Auch wird Google diese Informationen gegebenenfalls an Dritte \u00fcbertragen, sofern dies gesetzlich vorgeschrieben oder soweit Dritte diese Daten im Auftrag von Google verarbeiten. Google wird in keinem Fall Ihre IP-Adresse mit anderen Daten der Google in Verbindung bringen. Sie k\u00f6nnen die Installation der Cookies durch eine entsprechende Einstellung Ihrer Browser Software verhindern; wir weisen Sie jedoch darauf hin, dass Sie in diesem Fall gegebenenfalls nicht s\u00e4mtliche Funktionen dieser Website voll umf\u00e4nglich nutzen k\u00f6nnen. Durch die Nutzung dieser Website erkl\u00e4ren Sie sich mit der Bearbeitung der \u00fcber Sie erhobenen Daten durch Google in der zuvor beschriebenen Art und Weise und zu dem zuvor benannten Zweck einverstanden.<\/p>\n<p>&nbsp;[\/vc_column_text][\/vc_column][vc_column width=&#8220;1\/4&#8243;][\/vc_column][\/vc_row]<\/p>\n<\/div>","protected":false},"excerpt":{"rendered":"<p>[vc_row][vc_column width=&#8220;1\/4&#8243;][vc_column_text] &nbsp; [\/vc_column_text][\/vc_column][vc_column width=&#8220;1\/2&#8243;][vc_column_text]Wir freuen uns \u00fcber Ihr Interesse an unserem Internetauftritt. Der Schutz Ihrer Privatsph\u00e4re war uns immer wichtig und haben wir lange bevor die DSGVO (Datenschutz \u2013 Grundverordnung) Ihre pers\u00f6nlichen Daten vor Zugriff anderer gesch\u00fctzt bzw. an Dritte nicht weitergegeben. Durch die Einf\u00fchrung der DSGVO informieren wir Sie nun ausf\u00fchrlich, wie wir [&hellip;]<\/p>\n","protected":false},"author":1,"featured_media":0,"parent":0,"menu_order":0,"comment_status":"closed","ping_status":"closed","template":"","meta":{"footnotes":""},"class_list":["post-15201","page","type-page","status-publish","hentry"],"_links":{"self":[{"href":"https:\/\/www.hundund.net\/index.php?rest_route=\/wp\/v2\/pages\/15201","targetHints":{"allow":["GET"]}}],"collection":[{"href":"https:\/\/www.hundund.net\/index.php?rest_route=\/wp\/v2\/pages"}],"about":[{"href":"https:\/\/www.hundund.net\/index.php?rest_route=\/wp\/v2\/types\/page"}],"author":[{"embeddable":true,"href":"https:\/\/www.hundund.net\/index.php?rest_route=\/wp\/v2\/users\/1"}],"replies":[{"embeddable":true,"href":"https:\/\/www.hundund.net\/index.php?rest_route=%2Fwp%2Fv2%2Fcomments&post=15201"}],"version-history":[{"count":5,"href":"https:\/\/www.hundund.net\/index.php?rest_route=\/wp\/v2\/pages\/15201\/revisions"}],"predecessor-version":[{"id":15251,"href":"https:\/\/www.hundund.net\/index.php?rest_route=\/wp\/v2\/pages\/15201\/revisions\/15251"}],"wp:attachment":[{"href":"https:\/\/www.hundund.net\/index.php?rest_route=%2Fwp%2Fv2%2Fmedia&parent=15201"}],"curies":[{"name":"wp","href":"https:\/\/api.w.org\/{rel}","templated":true}]}}