{"id":2289,"date":"2015-03-09T18:20:39","date_gmt":"2015-03-09T17:20:39","guid":{"rendered":"http:\/\/hundund.net\/?page_id=2289"},"modified":"2017-07-01T20:11:52","modified_gmt":"2017-07-01T18:11:52","slug":"agility","status":"publish","type":"page","link":"https:\/\/www.hundund.net\/?page_id=2289","title":{"rendered":"Agility"},"content":{"rendered":"<div class=\"wpb-content-wrapper\"><p>[vc_row][vc_column width=&#8220;1\/4&#8243;][vc_empty_space height=&#8220;135px&#8220;][vc_single_image image=&#8220;2721&#8243; img_size=&#8220;190&#215;130&#8243;][vc_single_image image=&#8220;2722&#8243; img_size=&#8220;190&#215;130&#8243;][vc_single_image image=&#8220;2724&#8243; img_size=&#8220;190&#215;130&#8243;][\/vc_column][vc_column width=&#8220;2\/3&#8243;][vc_empty_space][vc_custom_heading text=&#8220;Agility&#8220; google_fonts=&#8220;font_family:Montserrat%3Aregular%2C700|font_style:400%20regular%3A400%3Anormal&#8220;][vc_column_text]<\/p>\n<p class=\"p1\"><span class=\"s1\"><b>Agility<\/b> [\u00c4dschiliti:] ist eine Hundesportart bei der der Hund unter Anleitung seines Menschen eine Reihe von 15 bis 20 Hindernissen in der richtigen Reihenfolge bew\u00e4ltigen muss. F\u00fcr kleine Hunde bis 40 Zentimeter Schulterh\u00f6he werden die Hindernisse angepasst. Ziel ist, m\u00f6glichst fehlerfrei und schnell den Parcours zu durchlaufen. Agility setzt auf Gewandtheit und Fitness, auf geschicktes und schnelles Reagieren in Teamarbeit, Hund und Mensch. Aber am meisten kommt es darauf an, da\u00df Hund und Mensch einen Riesenspa\u00df haben! 1977 f\u00fchrten erstmals Dienst- und Polizeihunde in England Agility-\u00dcbungen vor; seit ungef\u00e4hr 1990 gibt es auch in Deutschland und \u00d6sterreich Hundeclubs die \u201cAgility\u201d anbieten.<\/span><\/p>\n<h4><span class=\"s1\">Wer kann mitmachen?<\/span><\/h4>\n<p class=\"p1\"><span class=\"s1\">F\u00fcr Agility ist fast jeder Hund geeignet. Nicht zu empfehlen ist es f\u00fcr sehr schwere Rassen wie zum Beispiel Bernhardiner oder f\u00fcr Dackel mit extrem langen R\u00fccken. In jedem Fall sollte man, bevor man anf\u00e4ngt, seinen Tierarzt fragen, ob der Hund fit und gesund ist. Die besten Voraussetzungen bringen, mittelgro\u00dfe, sehr bewegliche Hunde mit, die schnell auf H\u00f6r- und Sichtzeichen reagieren. Junge Hunde und Welpen d\u00fcrfen kein Agility machen. Mit ihnen kann man aber nat\u00fcrlich schon den sehr wichtigen Grundgehorsam ein\u00fcben. Jeder vierbeinige Agility-Anf\u00e4nger sollte sofort kommen, wenn man ihn ruft, und die \u00dcbungen Sitz, Platz und Bleib beherrschen. Solange man nicht soviel Kontrolle \u00fcber seinen Hund hat, hat es keinen Zweck, mit den Agility-\u00dcbungen zu beginnen. Noch besser w\u00e4re es, wenn der Hund gerne Leckerbissen mag und schon gelernt hat, mit einem Spielzeug zu spielen. Beides kann man in der Agility-Ausbildung sehr gut als Belohnung einsetzen. [\u00c4dschiliti:] ist eine Hundesportart bei der der Hund unter Anleitung seines Menschen eine Reihe von 15 bis 20 Hindernissen in der richtigen Reihenfolge bew\u00e4ltigen muss. F\u00fcr kleine Hunde bis 40 Zentimeter Schulterh\u00f6he werden die Hindernisse angepasst. Ziel ist, m\u00f6glichst fehlerfrei und schnell den Parcours zu durchlaufen. Agility setzt auf Gewandtheit und Fitness, auf geschicktes und schnelles Reagieren in Teamarbeit, Hund und Mensch. Aber am meisten kommt es darauf an, da\u00df Hund und Mensch einen Riesenspa\u00df haben! 1977 f\u00fchrten erstmals Dienst- und Polizeihunde in England Agility-\u00dcbungen vor; seit ungef\u00e4hr 1990 gibt es auch in Deutschland und \u00d6sterreich Hundeclubs die \u201cAgility\u201d anbieten.<\/span><\/p>\n<p class=\"p1\"><span class=\"s1\">F\u00fcr Agility ist fast jeder Hund geeignet. Nicht zu empfehlen ist es f\u00fcr sehr schwere Rassen wie zum Beispiel Bernhardiner oder f\u00fcr Dackel mit extrem langen R\u00fccken. In jedem Fall sollte man, bevor man anf\u00e4ngt, seinen Tierarzt fragen, ob der Hund fit und gesund ist. Die besten Voraussetzungen bringen, mittelgro\u00dfe, sehr bewegliche Hunde mit, die schnell auf H\u00f6r- und Sichtzeichen reagieren. Junge Hunde und Welpen d\u00fcrfen kein Agility machen. Mit ihnen kann man aber nat\u00fcrlich schon den sehr wichtigen Grundgehorsam ein\u00fcben. Jeder vierbeinige Agility-Anf\u00e4nger sollte sofort kommen, wenn man ihn ruft, und die \u00dcbungen Sitz, Platz und Bleib beherrschen. Solange man nicht soviel Kontrolle \u00fcber seinen Hund hat, hat es keinen Zweck, mit den Agility-\u00dcbungen zu beginnen. Noch besser w\u00e4re es, wenn der Hund gerne Leckerbissen mag und schon gelernt hat, mit einem Spielzeug zu spielen. Beides kann man in der Agility-Ausbildung sehr gut als Belohnung einsetzen. <\/span><\/p>\n<h4><span class=\"s1\">Hindernisse<\/span><\/h4>\n<p>Die Agility-Ger\u00e4te werden f\u00fcr jeden Wettkampf neu arrangiert.<br \/>\nGehen wir einmal einen typischen Parcours durch:<br \/>\nNummer eins und zwei sind normale Sprungh\u00fcrden, und bei Nummer drei steht der Weitsprung. Er besteht aus drei bis f\u00fcnf niedrigen H\u00fcrden, die beim \u00dcberspringen nicht ber\u00fchrt oder umgeworfen werden d\u00fcrfen. Dann geht es um die Kurve Zu Hindernis vier der Wippe. Wenn der Hund sie \u00fcberl\u00e4uft, muss er die beiden roten Kontaktfl\u00e4chen vorn und hinten ber\u00fchren. Er darf au\u00dferdem nicht das Ger\u00e4t verlassen, bevor es vollst\u00e4ndig gekippt ist, denn das w\u00e4re geschummelt. Ist die Wippe geschafft, geht es \u00fcber Sprung f\u00fcnf und sechs zu Nummer sieben, dem Tisch.<\/p>\n<p class=\"p1\"><span class=\"s1\">Hier soll der Hund f\u00fcr f\u00fcnf Sekunden, die der Richter abz\u00e4hlt, in einer Position bleiben. Bei Neulingen ist es Platz, aber Fortgeschrittene m\u00fcssen manchmal auch Sitz oder Steh machen.<\/span><\/p>\n<p class=\"p1\"><span class=\"s1\">Gibt der Richter das Zeichen zum Weiterlaufen, ist das schwierigste Hindernis an der Reihe: Nummer 8,der Slalom. Der Hund soll sich hinter der ersten Stange von rechts einf\u00e4deln. Es gibt Spezialisten unter den Agilityhunden, die sich auch aus ung\u00fcnstigen Winkeln selbst einf\u00e4deln und blitzschnell zum Ende durchschweben. F\u00fcr einen Anf\u00e4ngerhund ist es aber gar nicht so einfach, in der Aufregung das richtige Tor zu finden. <\/span><\/p>\n<p class=\"p1\"><span class=\"s1\">Dann ist der R\u00f6hrentunnel, Nummer neun, an der Reihe. Er kann, wie hier, im Bogen liegen oder auch gerade. An dieser Stelle muss der Hundef\u00fchrer darauf achten, da\u00df der Hund nicht den falschen Eingang nimmt. Dann w\u00e4re das Team n\u00e4mlich sofort disqualifiziert wie bei jedem anderen Hindernis (Ausnahme: Tisch), wenn es falsch herum genommen w\u00fcrde.<\/span><\/p>\n<p class=\"p1\"><span class=\"s1\">Wippe befinden sich auch hier vorn und hinten die roten Kontaktfl\u00e4chen, die ber\u00fchrt werden m\u00fcssen. Nat\u00fcrlich darf der Hund auch nicht seitlich abspringen.<\/span><\/p>\n<p class=\"p1\"><span class=\"s1\">Vom Steg geht es weiter zum Viadukt, Nummer 11. Dabei sieht der Hund die A-Wand, Nummer 16, direkt vor sich, und sein Hundef\u00fchrer muss sehr aufpassen, da\u00df er dem Hund den richtigen Weg zeigt. Auch wenn er die A-Wand nur kurz ber\u00fchrt, wird das Team disqualifiziert, weil die Reihenfolge nicht eingehalten wurde. Der Viadukt hat anstatt einer Sprungstange halbrunde Ziegel aufliegen, die herunterfallen k\u00f6nnen. Selbstverst\u00e4ndlich soll der Hund nicht durch die \u00d6ffnungen laufen, sondern dar\u00fcber springen.<\/span><\/p>\n<p class=\"p1\"><span class=\"s1\">Mit Nummer 12 ist nun der Stofftunnel an der Reihe. Er besteht aus einer festen Tunnel\u00f6ffnung und einem Schlauch, durch den der Vierbeiner laufen muss, ohne dass er zun\u00e4chst eine \u00d6ffnung sieht. Eine Leistung, die spektakul\u00e4r aussieht, aber f\u00fcr den Hund, wenn er es richtig gelernt hat, kein Problem ist.<\/span><\/p>\n<p class=\"p1\"><span class=\"s1\">Als n\u00e4chstes folgt dann der Reifen, Nummer 13. Hier handelt es sich meist um einen Autoreifen, der in einem Holzrahmen aufgeh\u00e4ngt ist. Aufgabe des Hundes ist, durch die Reifen\u00f6ffnung zu springen, nicht vorbei oder unten durch. Ist das geschafft, geht es \u00fcber 14 und 15 zur A-Wand, dem h\u00f6chsten Ger\u00e4t im Agility, das aber f\u00fcr kleine Hunde (Mini-Agility) etwas flacher gemacht wird? Nach der Wippe und dem Steg haben wir hier das dritte Kontaktfl\u00e4chen-Hindernis. Nat\u00fcrlich m\u00fcssen die roten Fl\u00e4chen auch hier mit mindesten einer Pfote ber\u00fchrt werden, was bei dem steilen Abstieg gar nicht so einfach ist.<\/span><\/p>\n<p class=\"p1\"><span class=\"s1\">Nun bleibt nur noch die Zielh\u00fcrde, Nummer 17. Wichtig ist hier, da\u00df der Hund nicht an den Zielstangen vorbeispringt, denn die Zeit wird erst gestoppt, wenn er dazwischen hindurchl\u00e4uft. Das gleiche gilt nat\u00fcrlich auch f\u00fcr die Startstangen.<\/span><\/p>\n<p class=\"p1\"><span class=\"s1\"><br \/>\n<\/span><\/p>\n<h4><span class=\"s1\">Fehler und Trainingstipps<\/span><\/h4>\n<p class=\"p3\"><span class=\"s1\"><b>Fehler und Verweigerungen<\/b><\/span><\/p>\n<p class=\"p3\"><span class=\"s1\">Man unterscheidet drei verschiedene Arten von Fehlern: Hindernisfehler, Verweigerungen und Zeitfehler.<\/span><\/p>\n<p class=\"p3\"><span class=\"s1\">Zeitfehler entstehen, wenn der Hund erst nach Ablauf der Standardzeit seine Nase durchs Ziel steckt. Die Standardzeit wird durch den Richter f\u00fcr jeden Parcours extra festgelegt.<\/span><\/p>\n<p class=\"p3\"><span class=\"s1\">Verweigerungen sind, wenn der Hund vor dem Ger\u00e4t anh\u00e4lt, vorbei oder unten durchl\u00e4uft (-springt). Das Hindernis muss jedoch genommen werden, bevor man zum n\u00e4chsten geht. Innerhalb eines Laufes darf man sich aber nur zwei Verweigerungen leisten, denn mit der dritten wir man disqualifiziert.<\/span><\/p>\n<p class=\"p3\"><span class=\"s1\">Hindernisfehler werden gez\u00e4hlt, wenn der Hund das Ger\u00e4t nur fehlerhaft bew\u00e4ltigt. Das ist zum Beispiel, wenn er eine Kontaktfl\u00e4che nicht ber\u00fchrt oder eine Stange rei\u00dft. Auch der Mensch kann Fehlerpunkte kassieren, wenn er den Hund oder ein Hindernis absichtlich ber\u00fchrt oder selbst zwischen den Start oder Zielstangen hindurchl\u00e4uft.<\/span><\/p>\n<p class=\"p3\"><span class=\"s1\">Bei einer Verweigerung und einem Ger\u00e4tefehler erh\u00e4lt man je f\u00fcnf Fehlerpunkte. Bei Zeitfehler wird pro Sekunde ein Fehlerpunkt gegeben.<\/span><\/p>\n<h4><span class=\"s1\">Trainingstipps<\/span><\/h4>\n<p>Jede Trainingseinheit sollte nur ein paar Minuten dauern. Dann braucht der Hund eine Pause, um Wasser zu trinken. Wenn der Hund etwas falsch gemacht hat, sollte der Hundef\u00fchrer nicht mit ihm schimpfen. in den allermeisten F\u00e4llen liegt es am Menschen, der dem Hund nicht richtig gezeigt hat, wo es lang geht. Ein guter Hundef\u00fchrer \u00fcberlegt also, was er tun kann, damit der Hund ihn richtig versteht. Manchmal ist es nur ein Schritt in die andere Richtung, ein deutliches Handzeichen oder das richtige H\u00f6rzeichen, was fehlt. Wenn es geklappt hat, gibt es nat\u00fcrlich Lob und Spiel in doppelter Ration! Als erste und als letzte \u00dcbung einer Trainingseinheit sollte der Hund einmal ganz im Kreis laufen d\u00fcrfen.<\/p>\n<p>[\/vc_column_text][\/vc_column][\/vc_row][vc_row][vc_column][vc_column_text]<\/p>\n<p>[\/vc_column_text][\/vc_column][\/vc_row][vc_row][vc_column][vc_custom_heading text=&#8220;mehr zu Hundesport&#8220; font_container=&#8220;tag:h2|font_size:18|text_align:left&#8220; google_fonts=&#8220;font_family:Montserrat%3Aregular%2C700|font_style:400%20regular%3A400%3Anormal&#8220;][posts_slider cat=&#8220;2, 5&#8243;][\/vc_column][\/vc_row][vc_row][vc_column][vc_column_text]<\/p>\n<p>[\/vc_column_text][\/vc_column][\/vc_row]<\/p>\n<\/div>","protected":false},"excerpt":{"rendered":"<p>[vc_row][vc_column width=&#8220;1\/4&#8243;][vc_empty_space height=&#8220;135px&#8220;][vc_single_image image=&#8220;2721&#8243; img_size=&#8220;190&#215;130&#8243;][vc_single_image image=&#8220;2722&#8243; img_size=&#8220;190&#215;130&#8243;][vc_single_image image=&#8220;2724&#8243; img_size=&#8220;190&#215;130&#8243;][\/vc_column][vc_column width=&#8220;2\/3&#8243;][vc_empty_space][vc_custom_heading text=&#8220;Agility&#8220; google_fonts=&#8220;font_family:Montserrat%3Aregular%2C700|font_style:400%20regular%3A400%3Anormal&#8220;][vc_column_text] Agility [\u00c4dschiliti:] ist eine Hundesportart bei der der Hund unter Anleitung seines Menschen eine Reihe von 15 bis 20 Hindernissen in der richtigen Reihenfolge bew\u00e4ltigen muss. F\u00fcr kleine Hunde bis 40 Zentimeter Schulterh\u00f6he werden die Hindernisse angepasst. Ziel ist, m\u00f6glichst fehlerfrei und schnell [&hellip;]<\/p>\n","protected":false},"author":1,"featured_media":0,"parent":0,"menu_order":0,"comment_status":"open","ping_status":"open","template":"","meta":{"footnotes":""},"class_list":["post-2289","page","type-page","status-publish","hentry"],"_links":{"self":[{"href":"https:\/\/www.hundund.net\/index.php?rest_route=\/wp\/v2\/pages\/2289","targetHints":{"allow":["GET"]}}],"collection":[{"href":"https:\/\/www.hundund.net\/index.php?rest_route=\/wp\/v2\/pages"}],"about":[{"href":"https:\/\/www.hundund.net\/index.php?rest_route=\/wp\/v2\/types\/page"}],"author":[{"embeddable":true,"href":"https:\/\/www.hundund.net\/index.php?rest_route=\/wp\/v2\/users\/1"}],"replies":[{"embeddable":true,"href":"https:\/\/www.hundund.net\/index.php?rest_route=%2Fwp%2Fv2%2Fcomments&post=2289"}],"version-history":[{"count":4,"href":"https:\/\/www.hundund.net\/index.php?rest_route=\/wp\/v2\/pages\/2289\/revisions"}],"predecessor-version":[{"id":15162,"href":"https:\/\/www.hundund.net\/index.php?rest_route=\/wp\/v2\/pages\/2289\/revisions\/15162"}],"wp:attachment":[{"href":"https:\/\/www.hundund.net\/index.php?rest_route=%2Fwp%2Fv2%2Fmedia&parent=2289"}],"curies":[{"name":"wp","href":"https:\/\/api.w.org\/{rel}","templated":true}]}}