{"id":2301,"date":"2015-03-09T19:08:50","date_gmt":"2015-03-09T18:08:50","guid":{"rendered":"http:\/\/hundund.net\/?page_id=2301"},"modified":"2018-11-15T20:58:39","modified_gmt":"2018-11-15T19:58:39","slug":"home-2","status":"publish","type":"page","link":"https:\/\/www.hundund.net\/","title":{"rendered":"Home"},"content":{"rendered":"<div class=\"wpb-content-wrapper\"><p>[vc_row][vc_column][vc_column_text]<script type=\"text\/javascript\">jQuery(function() { _initLayerSlider( '#layerslider_3_1nvfpzudg9kg6', {sliderVersion: '6.7.5', responsiveUnder: 0, layersContainer: 0, allowFullscreen: true, slideBGSize: 'auto', pauseOnHover: 1, skin: 'v5', sliderFadeInDuration: 350, globalBGColor: 'f1f6f7', thumbnailNavigation: 'disabled', useSrcset: true, skinsPath: 'https:\/\/www.hundund.net\/wp-content\/plugins\/LayerSlider\/assets\/static\/layerslider\/skins\/', performanceMode: true}); });<\/script><link href=\"https:\/\/fonts.googleapis.com\/css?family=PT+Sans:100,100i,200,200i,300,300i,400,400i,500,500i,600,600i,700,700i,800,800i,900,900i%7CGudea:100,100i,200,200i,300,300i,400,400i,500,500i,600,600i,700,700i,800,800i,900,900i\" rel=\"stylesheet\"><div id=\"layerslider_3_1nvfpzudg9kg6\"  class=\"ls-wp-container fitvidsignore ls-selectable\" style=\"width:870px;height:520px;margin:0 auto;margin-bottom: 0px;\"><div class=\"ls-slide\" data-ls=\"duration:6000;\"><img loading=\"lazy\" decoding=\"async\" width=\"870\" height=\"520\" src=\"https:\/\/www.hundund.net\/wp-content\/uploads\/2017\/02\/Hundund_bg2SLIDER.jpg\" class=\"ls-bg\" alt=\"\" srcset=\"https:\/\/www.hundund.net\/wp-content\/uploads\/2017\/02\/Hundund_bg2SLIDER.jpg 870w, https:\/\/www.hundund.net\/wp-content\/uploads\/2017\/02\/Hundund_bg2SLIDER-300x179.jpg 300w, https:\/\/www.hundund.net\/wp-content\/uploads\/2017\/02\/Hundund_bg2SLIDER-768x459.jpg 768w, https:\/\/www.hundund.net\/wp-content\/uploads\/2017\/02\/Hundund_bg2SLIDER-128x77.jpg 128w, https:\/\/www.hundund.net\/wp-content\/uploads\/2017\/02\/Hundund_bg2SLIDER-228x136.jpg 228w, https:\/\/www.hundund.net\/wp-content\/uploads\/2017\/02\/Hundund_bg2SLIDER-800x478.jpg 800w, https:\/\/www.hundund.net\/wp-content\/uploads\/2017\/02\/Hundund_bg2SLIDER-645x386.jpg 645w, https:\/\/www.hundund.net\/wp-content\/uploads\/2017\/02\/Hundund_bg2SLIDER-560x335.jpg 560w, https:\/\/www.hundund.net\/wp-content\/uploads\/2017\/02\/Hundund_bg2SLIDER-750x448.jpg 750w, https:\/\/www.hundund.net\/wp-content\/uploads\/2017\/02\/Hundund_bg2SLIDER-400x239.jpg 400w\" sizes=\"auto, (max-width: 870px) 100vw, 870px\" \/><h1 style='font-weight:bold;font-family:\"PT Sans\", Aria, sans-serif;font-size:40px;color:#444645;top:79px;left:550px;' class=\"ls-l ls-text-layer\" data-ls=\"offsetxin:120;offsetyin:30;delayin:1200;easingin:easeOutExpo;scalexin:.7;scaleyin:.7;offsetyout:-80;durationout:400;scalexout:.9;scaleyout:.9;parallaxlevel:0;\">Willkommen bei <br>HUNDUND<\/h1><img loading=\"lazy\" decoding=\"async\" width=\"25\" height=\"20\" src=\"https:\/\/www.hundund.net\/wp-content\/uploads\/layerslider\/Home-Slider-Blue-Orange\/slider_arrow_02.png\" class=\"ls-l ls-img-layer\" alt=\"\" style=\"top:240px;left:550px;\" data-ls=\"offsetxin:80;delayin:1500;offsetxout:80;offsetyout:80;durationout:400;scalexout:.8;scaleyout:.8;parallaxlevel:0;\"><p style='font-family:\"Gudea\", Aria, sans-serif;font-size:20px;line-height:27px;color:#606060;top:237px;left:590px;' class=\"ls-l ls-text-layer\" data-ls=\"offsetxin:80;delayin:1500;offsetxout:80;offsetyout:80;durationout:400;scalexout:.8;scaleyout:.8;parallaxlevel:0;\">Alles \u00fcber Hunderassen<\/p><img loading=\"lazy\" decoding=\"async\" width=\"25\" height=\"20\" src=\"https:\/\/www.hundund.net\/wp-content\/uploads\/layerslider\/Home-Slider-Blue-Orange\/slider_arrow_02.png\" class=\"ls-l ls-img-layer\" alt=\"\" style=\"top:280px;left:550px;\" data-ls=\"offsetxin:80;delayin:1800;offsetxout:80;offsetyout:80;durationout:400;scalexout:.8;scaleyout:.8;parallaxlevel:0;\"><p style='font-family:\"Gudea\", Aria, sans-serif;font-size:20px;line-height:27px;color:#606060;top:277px;left:590px;' class=\"ls-l ls-text-layer\" data-ls=\"offsetxin:80;delayin:1800;offsetxout:80;offsetyout:80;durationout:400;scalexout:.8;scaleyout:.8;parallaxlevel:0;\">Z\u00fcchter finden<\/p><img loading=\"lazy\" decoding=\"async\" width=\"25\" height=\"20\" src=\"https:\/\/www.hundund.net\/wp-content\/uploads\/layerslider\/Home-Slider-Blue-Orange\/slider_arrow_02.png\" class=\"ls-l ls-img-layer\" alt=\"\" style=\"top:320px;left:550px;\" data-ls=\"offsetxin:80;delayin:2100;offsetxout:80;offsetyout:80;durationout:400;scalexout:.8;scaleyout:.8;parallaxlevel:0;\"><p style='font-family:\"Gudea\", Aria, sans-serif;font-size:20px;line-height:27px;color:#606060;top:317px;left:590px;' class=\"ls-l ls-text-layer\" data-ls=\"offsetxin:80;delayin:2100;offsetxout:80;offsetyout:80;durationout:400;scalexout:.8;scaleyout:.8;parallaxlevel:0;\">Eine gute Hundeschule<\/p><img loading=\"lazy\" decoding=\"async\" width=\"25\" height=\"20\" src=\"https:\/\/www.hundund.net\/wp-content\/uploads\/layerslider\/Home-Slider-Blue-Orange\/slider_arrow_02.png\" class=\"ls-l ls-img-layer\" alt=\"\" style=\"top:360px;left:550px;\" data-ls=\"offsetxin:80;delayin:2400;offsetxout:80;offsetyout:80;durationout:400;scalexout:.8;scaleyout:.8;parallaxlevel:0;\"><p style='font-family:\"Gudea\", Aria, sans-serif;font-size:20px;line-height:27px;color:#606060;top:357px;left:590px;' class=\"ls-l ls-text-layer\" data-ls=\"offsetxin:80;delayin:2400;offsetxout:80;offsetyout:80;durationout:400;scalexout:.8;scaleyout:.8;parallaxlevel:0;\">Gesundheit &amp; Pflege<\/p><\/div><div class=\"ls-slide\" data-ls=\"duration:7000;\"><img loading=\"lazy\" decoding=\"async\" width=\"870\" height=\"520\" src=\"https:\/\/www.hundund.net\/wp-content\/uploads\/2017\/02\/Hundund_bgSlider2.jpg\" class=\"ls-bg\" alt=\"\" srcset=\"https:\/\/www.hundund.net\/wp-content\/uploads\/2017\/02\/Hundund_bgSlider2.jpg 870w, https:\/\/www.hundund.net\/wp-content\/uploads\/2017\/02\/Hundund_bgSlider2-300x179.jpg 300w, https:\/\/www.hundund.net\/wp-content\/uploads\/2017\/02\/Hundund_bgSlider2-768x459.jpg 768w, https:\/\/www.hundund.net\/wp-content\/uploads\/2017\/02\/Hundund_bgSlider2-128x77.jpg 128w, https:\/\/www.hundund.net\/wp-content\/uploads\/2017\/02\/Hundund_bgSlider2-228x136.jpg 228w, https:\/\/www.hundund.net\/wp-content\/uploads\/2017\/02\/Hundund_bgSlider2-800x478.jpg 800w, https:\/\/www.hundund.net\/wp-content\/uploads\/2017\/02\/Hundund_bgSlider2-645x386.jpg 645w, https:\/\/www.hundund.net\/wp-content\/uploads\/2017\/02\/Hundund_bgSlider2-560x335.jpg 560w, https:\/\/www.hundund.net\/wp-content\/uploads\/2017\/02\/Hundund_bgSlider2-750x448.jpg 750w, https:\/\/www.hundund.net\/wp-content\/uploads\/2017\/02\/Hundund_bgSlider2-400x239.jpg 400w\" sizes=\"auto, (max-width: 870px) 100vw, 870px\" \/><p style='text-transform: uppercase; font-weight:bold;font-family:\"PT Sans\", Aria, sans-serif;font-size:30px;color:#006eb2;top:22px;left:286px;' class=\"ls-l ls-text-layer\" data-ls=\"offsetxin:120;offsetyin:30;delayin:800;easingin:easeOutExpo;scalexin:.7;scaleyin:.7;offsetyout:-80;durationout:400;scalexout:.9;scaleyout:.9;parallaxlevel:0;\">Alle hunderassen...<\/p><p style='font-family:\"Gudea\", Aria, sans-serif;font-size:20px;line-height:28px;color:#006eb2;top:61px;left:590px;' class=\"ls-l ls-text-layer\" data-ls=\"offsetxin:120;delayin:800;offsetxout:80;durationout:400;parallaxlevel:0;\">Mehr als 300 Hunderassen<br>im \u00dcberblick.<br><\/p><\/div><div class=\"ls-slide\" data-ls=\"duration:6000;\"><img loading=\"lazy\" decoding=\"async\" width=\"870\" height=\"520\" src=\"https:\/\/www.hundund.net\/wp-content\/uploads\/2017\/02\/Hundund_bgSlider3.jpg\" class=\"ls-bg\" alt=\"\" srcset=\"https:\/\/www.hundund.net\/wp-content\/uploads\/2017\/02\/Hundund_bgSlider3.jpg 870w, https:\/\/www.hundund.net\/wp-content\/uploads\/2017\/02\/Hundund_bgSlider3-300x179.jpg 300w, https:\/\/www.hundund.net\/wp-content\/uploads\/2017\/02\/Hundund_bgSlider3-768x459.jpg 768w, https:\/\/www.hundund.net\/wp-content\/uploads\/2017\/02\/Hundund_bgSlider3-128x77.jpg 128w, https:\/\/www.hundund.net\/wp-content\/uploads\/2017\/02\/Hundund_bgSlider3-228x136.jpg 228w, https:\/\/www.hundund.net\/wp-content\/uploads\/2017\/02\/Hundund_bgSlider3-800x478.jpg 800w, https:\/\/www.hundund.net\/wp-content\/uploads\/2017\/02\/Hundund_bgSlider3-645x386.jpg 645w, https:\/\/www.hundund.net\/wp-content\/uploads\/2017\/02\/Hundund_bgSlider3-560x335.jpg 560w, https:\/\/www.hundund.net\/wp-content\/uploads\/2017\/02\/Hundund_bgSlider3-750x448.jpg 750w, https:\/\/www.hundund.net\/wp-content\/uploads\/2017\/02\/Hundund_bgSlider3-400x239.jpg 400w\" sizes=\"auto, (max-width: 870px) 100vw, 870px\" \/><p style='font-weight:bold;font-family:\"PT Sans\", Aria, sans-serif;font-size:30px;color:#444645;top:122px;left:40px;' class=\"ls-l ls-text-layer\" data-ls=\"offsetxin:120;offsetyin:30;delayin:1200;easingin:easeOutExpo;scalexin:.7;scaleyin:.7;offsetyout:-80;durationout:400;scalexout:.9;scaleyout:.9;parallaxlevel:0;\">Vom kleinen Welpen<br>zum gro\u00dfen Hund<\/p><img loading=\"lazy\" decoding=\"async\" width=\"25\" height=\"20\" src=\"https:\/\/www.hundund.net\/wp-content\/uploads\/layerslider\/Home-Slider-Blue-Orange\/slider_arrow_num_01.png\" class=\"ls-l ls-img-layer\" alt=\"\" style=\"top:225px;left:40px;\" data-ls=\"offsetxin:80;delayin:1500;offsetxout:80;offsetyout:80;durationout:400;scalexout:.8;scaleyout:.8;parallaxlevel:0;\"><p style='font-family:\"Gudea\", Aria, sans-serif;font-size:19px;line-height:27px;color:#606060;top:222px;left:80px;' class=\"ls-l ls-text-layer\" data-ls=\"offsetxin:80;delayin:1500;offsetxout:80;offsetyout:80;durationout:400;scalexout:.8;scaleyout:.8;parallaxlevel:0;\">Alles \u00fcber Erziehung und Ausbildung<\/p><img loading=\"lazy\" decoding=\"async\" width=\"25\" height=\"20\" src=\"https:\/\/www.hundund.net\/wp-content\/uploads\/layerslider\/Home-Slider-Blue-Orange\/slider_arrow_num_02.png\" class=\"ls-l ls-img-layer\" alt=\"\" style=\"top:265px;left:40px;\" data-ls=\"offsetxin:80;delayin:1800;offsetxout:80;offsetyout:80;durationout:400;scalexout:.8;scaleyout:.8;parallaxlevel:0;\"><p style='font-family:\"Gudea\", Aria, sans-serif;font-size:19px;line-height:27px;color:#606060;top:262px;left:80px;' class=\"ls-l ls-text-layer\" data-ls=\"offsetxin:80;delayin:1800;offsetxout:80;offsetyout:80;durationout:400;scalexout:.8;scaleyout:.8;parallaxlevel:0;\">Gesundheit und Pflege<\/p><img loading=\"lazy\" decoding=\"async\" width=\"25\" height=\"20\" src=\"https:\/\/www.hundund.net\/wp-content\/uploads\/layerslider\/Home-Slider-Blue-Orange\/slider_arrow_num_03.png\" class=\"ls-l ls-img-layer\" alt=\"\" style=\"top:305px;left:40px;\" data-ls=\"offsetxin:80;delayin:2100;offsetxout:80;offsetyout:80;durationout:400;scalexout:.8;scaleyout:.8;parallaxlevel:0;\"><p style='font-family:\"Gudea\", Aria, sans-serif;font-size:19px;line-height:27px;color:#606060;top:302px;left:80px;' class=\"ls-l ls-text-layer\" data-ls=\"offsetxin:80;delayin:2100;offsetxout:80;offsetyout:80;durationout:400;scalexout:.8;scaleyout:.8;parallaxlevel:0;\">Aktuelles aus der Hundewelt<\/p><img loading=\"lazy\" decoding=\"async\" width=\"25\" height=\"20\" src=\"https:\/\/www.hundund.net\/wp-content\/uploads\/layerslider\/Home-Slider-Blue-Orange\/slider_arrow_num_04.png\" class=\"ls-l ls-img-layer\" alt=\"\" style=\"top:345px;left:40px;\" data-ls=\"offsetxin:80;delayin:2400;offsetxout:80;offsetyout:80;durationout:400;scalexout:.8;scaleyout:.8;parallaxlevel:0;\"><p style='font-family:\"Gudea\", Aria, sans-serif;font-size:19px;line-height:27px;color:#606060;top:342px;left:80px;' class=\"ls-l ls-text-layer\" data-ls=\"offsetxin:80;delayin:2400;offsetxout:80;offsetyout:80;durationout:400;scalexout:.8;scaleyout:.8;parallaxlevel:0;\">News aus aller Welt<\/p><\/div><\/div>[\/vc_column_text][vc_empty_space height=&#8220;30px&#8220;][\/vc_column][\/vc_row][vc_row][vc_column][vc_custom_heading text=&#8220;WILLKOMMEN BEI HUNDUND!&#8220; google_fonts=&#8220;font_family:Montserrat%3Aregular%2C700|font_style:400%20regular%3A400%3Anormal&#8220;][\/vc_column][\/vc_row][vc_row][vc_column width=&#8220;11\/12&#8243;][vc_column_text]Wir von HUNDUND lieben Hunde und lieben es \u00fcber sie zu sprechen, zu schreiben und Erfahrungen auszutauschen.<br \/>\nHunde haben seit Jahrhunderten einen ganz besonderen Stellenwert in unserer Gesellschaft.<br \/>\nDie N\u00fctzlichkeit von Hunden als Haustiere, Wach- und Begleithunde oder f\u00fcr besondere Einsatzgebiete ist unbestritten und in vielen Bereichen nicht mehr wegzudenken.<\/p>\n<p>Die Leistungen von Hunden als Lawinensuchhunde, im Katastropheneinsatz, als Blindenhunde oder Begleithunde f\u00fcr Menschen mit Behinderungen sind gar nicht hoch genug zu sch\u00e4tzen und f\u00fcr viele Menschen unverzichtbar.<br \/>\nAber auch f\u00fcr das psychische Wohlbefinden haben Hunde f\u00fcr viele Menschen gro\u00dfen Wert.<br \/>\nAllerdings haben Hunde sehr unterschiedliche Anforderung an Haltung, F\u00fctterung und Betreuung die vielen nicht wirklich bewusst sind.<\/p>\n<p>Wir wollen Dich dabei Unterst\u00fctzen Deinen Hund und seine Bed\u00fcrfnisse besser zu verstehen.<\/p>\n<p>Bei uns findest Du wertvolle Informationen, Erfahrungen, Tipps die Dir zu einem harmonischen Zusammenleben und Freude an Deinem Hund verhelfen sollen.<br \/>\n[\/vc_column_text][vc_empty_space height=&#8220;40px&#8220;][\/vc_column][\/vc_row][vc_column][\/vc_column][vc_row][vc_column][posts count=&#8220;6&#8243; arrow_pos=&#8220;arrow-top&#8220; cat=&#8220;1, 2, 3, 4, 5&#8243;][\/vc_column][\/vc_row][vc_row][vc_column][vc_cta h2=&#8220;Mehr News von HUNDUND&#8220; h2_google_fonts=&#8220;font_family:Lato%3A100%2C100italic%2C300%2C300italic%2Cregular%2Citalic%2C700%2C700italic%2C900%2C900italic|font_style:400%20regular%3A400%3Anormal&#8220; shape=&#8220;square&#8220; add_button=&#8220;right&#8220; btn_title=&#8220;WEITER&#8220; btn_shape=&#8220;square&#8220; btn_color=&#8220;primary&#8220; use_custom_fonts_h2=&#8220;true&#8220; btn_link=&#8220;url:https%3A%2F%2Fwww.hundund.net%2F%3Fpage_id%3D2452|||&#8220;][\/vc_cta][\/vc_column][\/vc_row]<\/p>\n<\/div>","protected":false},"excerpt":{"rendered":"<p>[vc_row][vc_column][vc_column_text][\/vc_column_text][vc_empty_space height=&#8220;30px&#8220;][\/vc_column][\/vc_row][vc_row][vc_column][vc_custom_heading text=&#8220;WILLKOMMEN BEI HUNDUND!&#8220; google_fonts=&#8220;font_family:Montserrat%3Aregular%2C700|font_style:400%20regular%3A400%3Anormal&#8220;][\/vc_column][\/vc_row][vc_row][vc_column width=&#8220;11\/12&#8243;][vc_column_text]Wir von HUNDUND lieben Hunde und lieben es \u00fcber sie zu sprechen, zu schreiben und Erfahrungen auszutauschen. Hunde haben seit Jahrhunderten einen ganz besonderen Stellenwert in unserer Gesellschaft. Die N\u00fctzlichkeit von Hunden als Haustiere, Wach- und Begleithunde oder f\u00fcr besondere Einsatzgebiete ist unbestritten und in vielen Bereichen nicht mehr [&hellip;]<\/p>\n","protected":false},"author":1,"featured_media":0,"parent":0,"menu_order":0,"comment_status":"open","ping_status":"open","template":"","meta":{"footnotes":""},"class_list":["post-2301","page","type-page","status-publish","hentry"],"_links":{"self":[{"href":"https:\/\/www.hundund.net\/index.php?rest_route=\/wp\/v2\/pages\/2301","targetHints":{"allow":["GET"]}}],"collection":[{"href":"https:\/\/www.hundund.net\/index.php?rest_route=\/wp\/v2\/pages"}],"about":[{"href":"https:\/\/www.hundund.net\/index.php?rest_route=\/wp\/v2\/types\/page"}],"author":[{"embeddable":true,"href":"https:\/\/www.hundund.net\/index.php?rest_route=\/wp\/v2\/users\/1"}],"replies":[{"embeddable":true,"href":"https:\/\/www.hundund.net\/index.php?rest_route=%2Fwp%2Fv2%2Fcomments&post=2301"}],"version-history":[{"count":11,"href":"https:\/\/www.hundund.net\/index.php?rest_route=\/wp\/v2\/pages\/2301\/revisions"}],"predecessor-version":[{"id":15260,"href":"https:\/\/www.hundund.net\/index.php?rest_route=\/wp\/v2\/pages\/2301\/revisions\/15260"}],"wp:attachment":[{"href":"https:\/\/www.hundund.net\/index.php?rest_route=%2Fwp%2Fv2%2Fmedia&parent=2301"}],"curies":[{"name":"wp","href":"https:\/\/api.w.org\/{rel}","templated":true}]}}