{"id":2870,"date":"2015-03-16T16:49:36","date_gmt":"2015-03-16T15:49:36","guid":{"rendered":"http:\/\/hundund.net\/?page_id=2870"},"modified":"2017-07-01T19:54:38","modified_gmt":"2017-07-01T17:54:38","slug":"hundesport","status":"publish","type":"page","link":"https:\/\/www.hundund.net\/?page_id=2870","title":{"rendered":"Hundesport"},"content":{"rendered":"<div class=\"wpb-content-wrapper\"><p>[vc_row][vc_column width=&#8220;1\/4&#8243;][vc_empty_space height=&#8220;125px&#8220;][vc_single_image image=&#8220;15049&#8243; img_size=&#8220;&#8220; onclick=&#8220;img_link_large&#8220;][vc_single_image image=&#8220;15051&#8243; img_size=&#8220;190&#215;130&#8243; onclick=&#8220;img_link_large&#8220;][vc_single_image image=&#8220;2724&#8243; img_size=&#8220;190&#215;130&#8243; img_link_large=&#8220;yes&#8220;][\/vc_column][vc_column width=&#8220;2\/3&#8243;][vc_empty_space][vc_custom_heading text=&#8220;Hundesport- gemeinsam Spa\u00df haben!&#8220; google_fonts=&#8220;font_family:Montserrat%3Aregular%2C700|font_style:400%20regular%3A400%3Anormal&#8220;][vc_column_text]<br \/>\nGemeinsame Aktivit\u00e4ten zwischen Mensch und Hund machen nicht nur beiden Parteien Spa\u00df, sondern st\u00e4rken auch noch die Bindung.<br \/>\nEs gibt inzwischen schon eine Menge von Hundesportarten, aber nicht jeder Hund ist f\u00fcr jede Sportart geeignet. Wer mit seinem Hund Sport treiben will sollte die besonderen F\u00e4higkeiten und Veranlagungen kennen die sein Hund hat. So stellen Sie sicher, dass Sie Ihren Hund nicht \u00fcberfordern und Sie als Team Spa\u00df und Freude daran haben.<br \/>\nDie Besch\u00e4ftigungsm\u00f6glichkeiten mit dem Hund brauchen nicht unbedingt sehr aufwendig sein. Es gibt Besch\u00e4ftigungsideen die sich einfach und ohne gro\u00dfen Zeitaufwand umsetzen und leicht in den Alltag, egal ob drau\u00dfen oder drinnen, einbauen lassen.<br \/>\nHundesport ist auch ein Weg f\u00fcr Mensch und Hund, ein eingespieltes Team zu werden. Die hier vorgestellten Spiele und Sportarten sollen dazu beitragen das Geeignete f\u00fcr Sie und Ihren Hund zu finden.<br \/>\nDenken Sie daran, der Hund soll, genauso wie der Mensch, Spa\u00df am gemeinsamen Tun haben!<\/p>\n<p>&nbsp;<\/p>\n<p>[\/vc_column_text][\/vc_column][\/vc_row][vc_row][vc_column][vc_column_text]<\/p>\n<p>[\/vc_column_text][\/vc_column][\/vc_row][vc_row][vc_column][vc_custom_heading text=&#8220;mehr zu Hundeerziehung&#8220; font_container=&#8220;tag:h2|font_size:18|text_align:left&#8220; google_fonts=&#8220;font_family:Montserrat%3Aregular%2C700|font_style:400%20regular%3A400%3Anormal&#8220;][posts_slider cat=&#8220;5, 3&#8243;][\/vc_column][\/vc_row][vc_row][vc_column][vc_column_text]<\/p>\n<p>[\/vc_column_text][\/vc_column][\/vc_row]<\/p>\n<\/div>","protected":false},"excerpt":{"rendered":"<p>[vc_row][vc_column width=&#8220;1\/4&#8243;][vc_empty_space height=&#8220;125px&#8220;][vc_single_image image=&#8220;15049&#8243; img_size=&#8220;&#8220; onclick=&#8220;img_link_large&#8220;][vc_single_image image=&#8220;15051&#8243; img_size=&#8220;190&#215;130&#8243; onclick=&#8220;img_link_large&#8220;][vc_single_image image=&#8220;2724&#8243; img_size=&#8220;190&#215;130&#8243; img_link_large=&#8220;yes&#8220;][\/vc_column][vc_column width=&#8220;2\/3&#8243;][vc_empty_space][vc_custom_heading text=&#8220;Hundesport- gemeinsam Spa\u00df haben!&#8220; google_fonts=&#8220;font_family:Montserrat%3Aregular%2C700|font_style:400%20regular%3A400%3Anormal&#8220;][vc_column_text] Gemeinsame Aktivit\u00e4ten zwischen Mensch und Hund machen nicht nur beiden Parteien Spa\u00df, sondern st\u00e4rken auch noch die Bindung. Es gibt inzwischen schon eine Menge von Hundesportarten, aber nicht jeder Hund ist f\u00fcr jede Sportart geeignet. Wer mit [&hellip;]<\/p>\n","protected":false},"author":1,"featured_media":0,"parent":0,"menu_order":0,"comment_status":"open","ping_status":"open","template":"","meta":{"footnotes":""},"class_list":["post-2870","page","type-page","status-publish","hentry"],"_links":{"self":[{"href":"https:\/\/www.hundund.net\/index.php?rest_route=\/wp\/v2\/pages\/2870","targetHints":{"allow":["GET"]}}],"collection":[{"href":"https:\/\/www.hundund.net\/index.php?rest_route=\/wp\/v2\/pages"}],"about":[{"href":"https:\/\/www.hundund.net\/index.php?rest_route=\/wp\/v2\/types\/page"}],"author":[{"embeddable":true,"href":"https:\/\/www.hundund.net\/index.php?rest_route=\/wp\/v2\/users\/1"}],"replies":[{"embeddable":true,"href":"https:\/\/www.hundund.net\/index.php?rest_route=%2Fwp%2Fv2%2Fcomments&post=2870"}],"version-history":[{"count":7,"href":"https:\/\/www.hundund.net\/index.php?rest_route=\/wp\/v2\/pages\/2870\/revisions"}],"predecessor-version":[{"id":15053,"href":"https:\/\/www.hundund.net\/index.php?rest_route=\/wp\/v2\/pages\/2870\/revisions\/15053"}],"wp:attachment":[{"href":"https:\/\/www.hundund.net\/index.php?rest_route=%2Fwp%2Fv2%2Fmedia&parent=2870"}],"curies":[{"name":"wp","href":"https:\/\/api.w.org\/{rel}","templated":true}]}}