{"id":7501,"date":"2015-04-04T20:35:27","date_gmt":"2015-04-04T18:35:27","guid":{"rendered":"http:\/\/hundund.net\/?page_id=7501"},"modified":"2017-02-07T09:06:58","modified_gmt":"2017-02-07T09:06:58","slug":"familienhunde","status":"publish","type":"page","link":"https:\/\/www.hundund.net\/?page_id=7501","title":{"rendered":"Familienhunde"},"content":{"rendered":"<h2><span style=\"color: #006eb2;\">Familienhunde<\/span><\/h2>\n<p>Bei der Suche nach einem Hund sollten Sie bedenken, dass sich Ihre Familie um ein Mitglied erweitert. Beachten Sie dabei auch die Lebensgewohnheiten Ihrer Familie, die Wohnsituation und das Alter der Kinder. Einige Rassen sind sehr geduldig mit Kindern, andere sind besser f\u00fcr Familien mit \u00e4lteren Kindern geeignet. Manche brauchen st\u00e4ndig neue Aufgaben damit sie sich nicht langweilen, andere wollen einfach nur gem\u00fctlich rumh\u00e4ngen. Familienhunde sind liebevoll und anh\u00e4nglich und integrieren sich dadurch perfekt ins Familienleben.<br \/>\n&nbsp;<\/p>\n","protected":false},"excerpt":{"rendered":"<p>Familienhunde Bei der Suche nach einem Hund sollten Sie bedenken, dass sich Ihre Familie um ein Mitglied erweitert. Beachten Sie dabei auch die Lebensgewohnheiten Ihrer Familie, die Wohnsituation und das Alter der Kinder. Einige Rassen sind sehr geduldig mit Kindern, andere sind besser f\u00fcr Familien mit \u00e4lteren Kindern geeignet. Manche brauchen st\u00e4ndig neue Aufgaben damit [&hellip;]<\/p>\n","protected":false},"author":1,"featured_media":0,"parent":0,"menu_order":0,"comment_status":"open","ping_status":"open","template":"page-portfolio.php","meta":{"footnotes":""},"class_list":["post-7501","page","type-page","status-publish","hentry"],"_links":{"self":[{"href":"https:\/\/www.hundund.net\/index.php?rest_route=\/wp\/v2\/pages\/7501","targetHints":{"allow":["GET"]}}],"collection":[{"href":"https:\/\/www.hundund.net\/index.php?rest_route=\/wp\/v2\/pages"}],"about":[{"href":"https:\/\/www.hundund.net\/index.php?rest_route=\/wp\/v2\/types\/page"}],"author":[{"embeddable":true,"href":"https:\/\/www.hundund.net\/index.php?rest_route=\/wp\/v2\/users\/1"}],"replies":[{"embeddable":true,"href":"https:\/\/www.hundund.net\/index.php?rest_route=%2Fwp%2Fv2%2Fcomments&post=7501"}],"version-history":[{"count":1,"href":"https:\/\/www.hundund.net\/index.php?rest_route=\/wp\/v2\/pages\/7501\/revisions"}],"predecessor-version":[{"id":14248,"href":"https:\/\/www.hundund.net\/index.php?rest_route=\/wp\/v2\/pages\/7501\/revisions\/14248"}],"wp:attachment":[{"href":"https:\/\/www.hundund.net\/index.php?rest_route=%2Fwp%2Fv2%2Fmedia&parent=7501"}],"curies":[{"name":"wp","href":"https:\/\/api.w.org\/{rel}","templated":true}]}}