{"id":7504,"date":"2015-04-04T20:47:10","date_gmt":"2015-04-04T18:47:10","guid":{"rendered":"http:\/\/hundund.net\/?page_id=7504"},"modified":"2017-02-07T08:58:17","modified_gmt":"2017-02-07T08:58:17","slug":"agility-sportler","status":"publish","type":"page","link":"https:\/\/www.hundund.net\/?page_id=7504","title":{"rendered":"Agility-Sportler"},"content":{"rendered":"<h2><span style=\"color: #006eb2;\">Agility-Sportler<\/span><\/h2>\n<p>\u00dcbersicht der Hunderassen mit Agility-Eignung.<br \/>\nDer Spieltrieb Ihres Hundes ist die Basis f\u00fcr eine erfolgreiche und harmonische Zusammenarbeit. Hunde die sich leicht ablenken lassen, oder nur schwer zu Erziehen sind, sind f\u00fcr Agility ungeeignet. Mittelgro\u00dfe, sehr bewegliche Hunde, die schnell auf H\u00f6r- und Sichtzeichen reagieren sind am Besten f\u00fcr diesen Hundesport geeignet.<br \/>\nF\u00fcr kleine Rassen, Schulterh\u00f6he bis 40 cm gibt es Mini-Agility-Parcours.<br \/>\n&nbsp;<\/p>\n","protected":false},"excerpt":{"rendered":"<p>Agility-Sportler \u00dcbersicht der Hunderassen mit Agility-Eignung. Der Spieltrieb Ihres Hundes ist die Basis f\u00fcr eine erfolgreiche und harmonische Zusammenarbeit. Hunde die sich leicht ablenken lassen, oder nur schwer zu Erziehen sind, sind f\u00fcr Agility ungeeignet. Mittelgro\u00dfe, sehr bewegliche Hunde, die schnell auf H\u00f6r- und Sichtzeichen reagieren sind am Besten f\u00fcr diesen Hundesport geeignet. F\u00fcr kleine [&hellip;]<\/p>\n","protected":false},"author":1,"featured_media":0,"parent":0,"menu_order":0,"comment_status":"open","ping_status":"open","template":"page-portfolio.php","meta":{"footnotes":""},"class_list":["post-7504","page","type-page","status-publish","hentry"],"_links":{"self":[{"href":"https:\/\/www.hundund.net\/index.php?rest_route=\/wp\/v2\/pages\/7504","targetHints":{"allow":["GET"]}}],"collection":[{"href":"https:\/\/www.hundund.net\/index.php?rest_route=\/wp\/v2\/pages"}],"about":[{"href":"https:\/\/www.hundund.net\/index.php?rest_route=\/wp\/v2\/types\/page"}],"author":[{"embeddable":true,"href":"https:\/\/www.hundund.net\/index.php?rest_route=\/wp\/v2\/users\/1"}],"replies":[{"embeddable":true,"href":"https:\/\/www.hundund.net\/index.php?rest_route=%2Fwp%2Fv2%2Fcomments&post=7504"}],"version-history":[{"count":2,"href":"https:\/\/www.hundund.net\/index.php?rest_route=\/wp\/v2\/pages\/7504\/revisions"}],"predecessor-version":[{"id":14305,"href":"https:\/\/www.hundund.net\/index.php?rest_route=\/wp\/v2\/pages\/7504\/revisions\/14305"}],"wp:attachment":[{"href":"https:\/\/www.hundund.net\/index.php?rest_route=%2Fwp%2Fv2%2Fmedia&parent=7504"}],"curies":[{"name":"wp","href":"https:\/\/api.w.org\/{rel}","templated":true}]}}