{"id":8113,"date":"2015-05-05T13:02:56","date_gmt":"2015-05-05T11:02:56","guid":{"rendered":"http:\/\/hundund.net\/agb\/"},"modified":"2018-11-15T18:54:45","modified_gmt":"2018-11-15T17:54:45","slug":"agb","status":"publish","type":"page","link":"https:\/\/www.hundund.net\/?page_id=8113","title":{"rendered":"AGB"},"content":{"rendered":"<div class=\"wpb-content-wrapper\"><p>[vc_row][vc_column width=&#8220;1\/4&#8243;][vc_empty_space][vc_single_image image=&#8220;15252&#8243; img_size=&#8220;400&#215;400&#8243; style=&#8220;vc_box_rounded&#8220;][\/vc_column][vc_column width=&#8220;1\/2&#8243;][vc_column_text]<\/p>\n<div>&nbsp;<\/div>\n<p class=\"p1\"><span class=\"s1\"><b>Willkommen auf der HUNDUND &#8211; Website.<\/b><\/span><\/p>\n<p class=\"p2\"><span class=\"s1\"><b>Bitte lesen Sie diese Hinweise sorgf\u00e4ltig. Mit Benutzung unserer Site stimmen Sie den nachstehenden Vereinbarungen zu.<\/b><\/span><\/p>\n<p class=\"p2\"><span class=\"s1\">Diese Website ist Eigentum von Wolfgang Zechmann und alle rechtsverbindlichen Gesch\u00e4ftsbeziehungen HUNDUND betreffend sind mit Wolfgang Zechmann&nbsp;als Inhaber aller Rechte zu f\u00fchren. HUNDUND ist ein kostenloser Online Informations- und Kommunikationsdienst und wir hoffen, dass Sie ihn unterhaltsam und informativ finden. Diese Website kann Hinweise auf andere Eigentumsrechte und Informationen zu Urheberrechten enthalten, die beachtet und befolgt werden m\u00fcssen. Wir sind bem\u00fcht genaue, wahre und gut recherchierte Informationen zu bieten. Wir weisen darauf hin, dass die Informationen auf dieser Site Ungenauigkeiten oder typografische Fehler enthalten k\u00f6nnen. Wir garantieren bei Nutzung auch nicht Exaktheit, Verl\u00e4sslichkeit oder anderen Angelegenheiten. Wir garantieren auch nicht, dass diese Seiten oder Angebote dieser Seiten auch in Zukunft zur Verf\u00fcgung stehen.<\/span><\/p>\n<p class=\"p2\"><span class=\"s1\">Wir behalten uns vor, die Informationen in dieser Site jederzeit und ohne vorherige Ank\u00fcndigung zu \u00e4ndern oder zu aktualisieren. Das gilt auch f\u00fcr Verbesserungen und\/oder \u00c4nderungen an den auf dieser Site beschriebenen Produkten bzw. Programmen.<\/span><\/p>\n<p class=\"p2\"><span class=\"s2\"><b>Wenn Sie uns Ideen, Vorschl\u00e4ge, Grafiken, Bilder oder anderes Material senden, nehmen Sie bitte folgendes zur Kenntnis:<\/b><\/span><span class=\"s1\"><b><br \/>\nSie best\u00e4tigen mit der Zusendung, dass Sie im Besitz der uneingeschr\u00e4nkten Rechte des zugesendeten Materiales sind. Alles, was Sie uns auf diesen Seiten zukommen lassen geht mit der Zusendung ins Eigentum von Wolfgang Zechmann&nbsp;\u00fcber. Wir bitten Sie, keine vertraulichen oder urheberrechtlich gesch\u00fctzten Informationen \u00fcber diese Website an uns zu schicken. Nachweislich urheberrechtlich gesch\u00fctztes Material wird nicht geduldet und nach Erkennung unverz\u00fcglich entfernt. Bitte beachten Sie, dass wir jede Information oder jedes Material, das uns auf diesem Wege erreicht, als NICHT vertraulich betrachten. Wenn Sie uns trotzdem vertrauliche Informationen oder Material schicken, r\u00e4umen Sie uns ein unbeschr\u00e4nktes, unwiderrufliches Recht ein, diese zu nutzen, zu reproduzieren, darzustellen, auszuf\u00fchren, zu modifizieren, weiter zu versenden und zu verteilen. Alle Geschichten, Kommentare, Vorschl\u00e4ge, Ideen, Grafiken oder andere Informationen, welche \u00fcber diese Seiten an Wolfgang Zechmann geschickt werden gehen automatisch in das Eigentum von Wolfgang Zechmann \u00fcber. Wir behalten uns das Recht vor, dieses Material nach unserem Belieben zu verwenden, dies beinhaltet Vervielf\u00e4ltigung, Ver\u00f6ffentlichung, Verbreitung auf diesen Seiten oder in jedem anderen bekannten Medium oder zuk\u00fcnftigen Medium. Wir k\u00f6nnen alles, was Sie uns schicken, inklusive Ihrem Namen oder Bild, so Sie uns eines senden, f\u00fcr Werbung, Marketing und jegliche andere kommerzielle Zwecke, verwenden. Unter keinem Umstand haben Sie Anspruch auf Zahlungen, wenn wir Ihre Einsendung f\u00fcr kommerzielle Zwecke verwenden. Falls Sie die Nutzung oder Ver\u00f6ffentlichung ihres Materials nicht w\u00fcnschen, senden sie uns kein Material und ver\u00f6ffentlichen sie es in keinem Forum.<\/b><\/span><\/p>\n<p class=\"p2\"><span class=\"s1\">F\u00fcr die Benutzung unserer Foren gelten nachstehende Richtlinien, die auch in der Forenseite platziert sind und in diese Vereinbarung integriert sind. Jede Verletzung dieser Richtlinien, bewirken auch eine Verletzung dieser Benutzervereinbarung. Unsere Foren sind als offene und demokratische Diskussionsplattform gedacht. Rund um die Uhr wird hier diskutiert. Alle k\u00f6nnen lesen &#8211; alle k\u00f6nnen publizieren. Bitte bleiben Sie sachlich und bem\u00fchen Sie sich um eine faire und freundliche Diskussions-Atmosph\u00e4re. Die Redaktion \u00fcbernimmt keinerlei Verantwortung f\u00fcr den Inhalt der Beitr\u00e4ge, beh\u00e4lt sich aber das Recht vor, krass unsachliche, rechtswidrige oder moralisch bedenkliche Beitr\u00e4ge zu l\u00f6schen.<\/span><\/p>\n<p class=\"p2\"><span class=\"s1\">Wolfgang Zechmann gibt keinerlei Zusicherungen oder Gew\u00e4hrleistungen f\u00fcr andere Websites, auf die Sie \u00fcber die HUNDUND Website gelangen k\u00f6nnen. Wenn Sie auf eine Nicht-HUNDUND Website zugreifen, ist das eine unabh\u00e4ngige Site, \u00fcber deren Inhalt wir keine Kontrolle haben. Dies gilt auch dann, wenn diese Site m\u00f6glicherweise das HUNDUND Logo enth\u00e4lt. Dar\u00fcber hinaus bedeutet ein Link aus unserer Site heraus auf eine andere nicht, dass wir uns mit deren Inhalt identifizieren oder deren Nutzung unterst\u00fctzen. Wir \u00fcbernehmen keine Verantwortung f\u00fcr Material, welches von Usern ver\u00f6ffentlicht wird. Wir sehen es als Ihre Aufgabe an, sicherzustellen, dass die von Ihnen genutzten Anwendungen frei von Viren, W\u00fcrmern, Trojanischen Pferden oder sonstigen Dingen zerst\u00f6rerischer Natur sind.<\/span><\/p>\n<p class=\"p2\"><span class=\"s1\">IN KEINEM FALL HAFTEN WIR IHNEN ODER DRITTEN GEGEN\u00dcBER F\u00dcR IRGENWELCHE DIREKTEN, INDIREKTEN, SPEZIELLEN ODER SONSTIGEN FOLGESCH\u00c4DEN, DIE SICH AUS DER NUTZUNG DIESER ODER EINER DAMIT VERLINKTEN WEBSITE ERGEBEN. AUSGESCHLOSSEN IST AUCH JEGLICHE HAFTUNG F\u00dcR ENTGANGENEN GEWINN, BETRIEBSUNTERBRECHUNG, VERLUST VON PROGRAMMEN ODER SONSTIGEN DATEN IN IHREN INFORMATIONSSYSTEMEN. DIES GILT AUCH DANN, WENN WIR AUSDR\u00dcCKLICH AUF DIE M\u00d6GLICHKEIT SOLCHER SCH\u00c4DEN HINGEWIESEN WERDEN.<\/span><\/p>\n<p>[\/vc_column_text][\/vc_column][vc_column width=&#8220;1\/4&#8243;][\/vc_column][\/vc_row]<\/p>\n<\/div>","protected":false},"excerpt":{"rendered":"<p>[vc_row][vc_column width=&#8220;1\/4&#8243;][vc_empty_space][vc_single_image image=&#8220;15252&#8243; img_size=&#8220;400&#215;400&#8243; style=&#8220;vc_box_rounded&#8220;][\/vc_column][vc_column width=&#8220;1\/2&#8243;][vc_column_text] &nbsp; Willkommen auf der HUNDUND &#8211; Website. Bitte lesen Sie diese Hinweise sorgf\u00e4ltig. Mit Benutzung unserer Site stimmen Sie den nachstehenden Vereinbarungen zu. Diese Website ist Eigentum von Wolfgang Zechmann und alle rechtsverbindlichen Gesch\u00e4ftsbeziehungen HUNDUND betreffend sind mit Wolfgang Zechmann&nbsp;als Inhaber aller Rechte zu f\u00fchren. HUNDUND ist ein kostenloser [&hellip;]<\/p>\n","protected":false},"author":1,"featured_media":0,"parent":0,"menu_order":0,"comment_status":"closed","ping_status":"open","template":"","meta":{"footnotes":""},"class_list":["post-8113","page","type-page","status-publish","hentry"],"_links":{"self":[{"href":"https:\/\/www.hundund.net\/index.php?rest_route=\/wp\/v2\/pages\/8113","targetHints":{"allow":["GET"]}}],"collection":[{"href":"https:\/\/www.hundund.net\/index.php?rest_route=\/wp\/v2\/pages"}],"about":[{"href":"https:\/\/www.hundund.net\/index.php?rest_route=\/wp\/v2\/types\/page"}],"author":[{"embeddable":true,"href":"https:\/\/www.hundund.net\/index.php?rest_route=\/wp\/v2\/users\/1"}],"replies":[{"embeddable":true,"href":"https:\/\/www.hundund.net\/index.php?rest_route=%2Fwp%2Fv2%2Fcomments&post=8113"}],"version-history":[{"count":9,"href":"https:\/\/www.hundund.net\/index.php?rest_route=\/wp\/v2\/pages\/8113\/revisions"}],"predecessor-version":[{"id":15253,"href":"https:\/\/www.hundund.net\/index.php?rest_route=\/wp\/v2\/pages\/8113\/revisions\/15253"}],"wp:attachment":[{"href":"https:\/\/www.hundund.net\/index.php?rest_route=%2Fwp%2Fv2%2Fmedia&parent=8113"}],"curies":[{"name":"wp","href":"https:\/\/api.w.org\/{rel}","templated":true}]}}